{"id":1841,"date":"2021-02-02T14:55:13","date_gmt":"2021-02-02T14:55:13","guid":{"rendered":"https:\/\/rueckbau-konzept.de\/?page_id=1841"},"modified":"2023-05-31T10:20:13","modified_gmt":"2023-05-31T10:20:13","slug":"1841-2","status":"publish","type":"page","link":"https:\/\/rueckbau-konzept.de\/?page_id=1841","title":{"rendered":"Schadstoff\u00adsanierung"},"content":{"rendered":"<p>[vc_row css=&#8220;.vc_custom_1612260358547{margin-top: 50px !important;margin-bottom: 50px !important;}&#8220;][vc_column width=&#8220;1\/4&#8243;][vc_widget_sidebar sidebar_id=&#8220;sidebar-1&#8243;][\/vc_column][vc_column width=&#8220;3\/4&#8243; css=&#8220;.vc_custom_1612260606991{padding-top: 20px !important;padding-bottom: 20px !important;background-color: #f4f4f4 !important;}&#8220;][vc_column_text]<strong>Schadstofferkennung und Sanierung<\/strong><\/p>\n<p>Bei \u00e4lteren Bauwerken sollte daher immer gepr\u00fcft werden, ob diese mit Schadstoffen belastet sind. Denn werden eventuell vorhandene Schadstoffe nicht entfernt, k\u00f6nnen die gesundheitlichen Folgen fatal sein.<\/p>\n<p>&nbsp;<\/p>\n<p>Als Experten auf dem Gebiet der Schadstofferkennung und der Schadstoffsanierung sind wir genau der richtige Ansprechpartner. Denn die Schadstoffsanierung muss unbedingt immer von geschultem Fachpersonal durchgef\u00fchrt werden.<\/p>\n<p>&nbsp;<\/p>\n<p>Es m\u00fcssen beh\u00f6rdliche Auflagen erf\u00fcllt und umfangreiche Schutzma\u00dfnahmen ergriffen werden, da es bei der Entfernung der Schadstoffe zu einem erh\u00f6hten Austritt der gesundheitsgef\u00e4hrdenden Substanzen kommt. So m\u00fcssen w\u00e4hrend der Sanierung die Messwerte st\u00e4ndig kontrolliert werden &#8211; hierf\u00fcr ist qualifiziertes Fachpersonal unbedingt erforderlich, um Mensch und Umwelt zu sch\u00fctzen. Unsere Mitarbeiter sind umfassend ausgebildet und verf\u00fcgen \u00fcber die vorgeschriebenen Qualifikationen im Umgang mit Asbest, KMF und weiteren gesundheitsgef\u00e4hrdenden Schadstoffen.[\/vc_column_text][\/vc_column][\/vc_row][vc_row css=&#8220;.vc_custom_1612271354901{margin-top: 30px !important;margin-bottom: 30px !important;padding-bottom: 20px !important;}&#8220;][vc_column video_bg=&#8220;yes&#8220;]\n<div class=\"section-title\">\n\t\t\t\t<h1 style=\" \">Angebot anfordern<\/h1>\n\t\t\t\t<span><\/span>\n\t\t\t<\/div>\n\n\t[vc_row_inner css=&#8220;.vc_custom_1612273027830{margin-top: 20px !important;margin-bottom: 20px !important;border-top-width: 1px !important;border-right-width: 1px !important;border-left-width: 1px !important;padding-bottom: 1px !important;border-left-color: #d8d8d8 !important;border-left-style: solid !important;border-right-color: #d8d8d8 !important;border-right-style: solid !important;border-top-color: #d8d8d8 !important;border-top-style: solid !important;}&#8220;][vc_column_inner width=&#8220;1\/3&#8243;]\t\n\t\t\t\t\t<div class=\"single-welcome-mover thm-image-hover hvr-float-shadow\">\n\t\t\t\t\t\t<figure class=\"img-holder\">\n\t\t\t\t\t\t\t<img src=\"\" alt=\"\" \/>\n\t\t\t\t\t\t<\/figure>\n\t\t\t\t\t\t<div class=\"content\">\n\t\t\t\t\t\t\t<a href=\"#\"><h2>Anfrage<\/h2><\/a>\n\t\t\t\t\t\t\t<p>Ob per Telefon, E-Mail oder \u00fcber unser Kontakt\u00adformular: Nehmen Sie Kontakt zu uns auf!<\/p>\n\t\t\t\t\t\t<\/div>\n\t\t\t\t\t<\/div>\t\t\n            \n\t[\/vc_column_inner][vc_column_inner width=&#8220;1\/3&#8243;]\t\n\t\t\t\t\t<div class=\"single-welcome-mover thm-image-hover hvr-float-shadow\">\n\t\t\t\t\t\t<figure class=\"img-holder\">\n\t\t\t\t\t\t\t<img src=\"\" alt=\"\" \/>\n\t\t\t\t\t\t<\/figure>\n\t\t\t\t\t\t<div class=\"content\">\n\t\t\t\t\t\t\t<a href=\"#\"><h2>Besichtigung<\/h2><\/a>\n\t\t\t\t\t\t\t<p>Wir kommen gerne Ihre Baustelle besichtigen um Ihnen ein Angebot zu unterbreiten.<\/p>\n\t\t\t\t\t\t<\/div>\n\t\t\t\t\t<\/div>\t\t\n            \n\t[\/vc_column_inner][vc_column_inner width=&#8220;1\/3&#8243;]\n\t<a class=\"vc_button large\" href=\"https:\/\/rueckbau-konzept.de\/?page_id=1011\">Jetzt Angebot Anfordern<\/a>\n\n\t[\/vc_column_inner][\/vc_row_inner][\/vc_column][\/vc_row][vc_row css=&#8220;.vc_custom_1611226763445{padding-top: 40px !important;padding-bottom: 40px !important;}&#8220;][vc_column]\n<div class=\"section-title\">\n\t\t\t\t<h1 style=\" \">Warum Sie uns w\u00e4hlen<\/h1>\n\t\t\t\t<span><\/span>\n\t\t\t<\/div>\n\n\t[vc_row_inner css=&#8220;.vc_custom_1460950165115{padding-top: 15px !important;}&#8220;][vc_column_inner width=&#8220;1\/4&#8243;]\t            \t<!--Start single offer service-->\n\t\t\t\t<div id=\"why-choose-us\">\n\t\t\t\t\t<div class=\"img-wrap  fadeInDown\">\n\t\t\t\t\t\t<img src=\"https:\/\/rueckbau-konzept.de\/wp-content\/uploads\/2016\/04\/1-2.png\" alt=\"\">\n\t\t\t\t\t<\/div>\n\t\t\t\t\t<h4>24\/7 Verf\u00fcgbarkeit<\/h4>\n\t\t\t\t\t<p><strong>\u201eUnsere Leistungen m\u00fcssen rund um die Uhr verf\u00fcgbar sein.\u201c<\/strong> Wenn die Arbeit ausfallen, ist dies eine Katastrophe f\u00fcr nahezu jede Organisation. Jede Stunde Ausfallzeit kostet Sie Geld, Gesch\u00e4ft und Reputation. Wie k\u00f6nnen Sie sicherstellen, dass Ihre Arbeit auch im Falle einer Katastrophe immer in Betrieb ist?<\/p>\n\t\t\t\t<\/div>\n                <!--End single offer service-->\n\t[\/vc_column_inner][vc_column_inner width=&#8220;1\/4&#8243;]\t            \t<!--Start single offer service-->\n\t\t\t\t<div id=\"why-choose-us\">\n\t\t\t\t\t<div class=\"img-wrap  fadeInDown\">\n\t\t\t\t\t\t<img src=\"https:\/\/rueckbau-konzept.de\/wp-content\/uploads\/2016\/04\/2-4.png\" alt=\"\">\n\t\t\t\t\t<\/div>\n\t\t\t\t\t<h4>Engagiertes Team<\/h4>\n\t\t\t\t\t<p><strong>\u201eMit einer Hand l\u00e4sst sich kein Knoten kn\u00fcpfen.\u201c<\/strong> Eine der gr\u00f6\u00dften Herausforderungen f\u00fcr R\u00fcckbau Konzept GmbH ist es, unsere Mitarbeiter motiviert zu halten. Ganz besonders in schwierigen Zeiten. <b>Motivation am Arbeitsplatz<\/b> ist ein strategisches Thema bei uns. Einsatz, Zufriedenheit bei der Arbeit, langfristige Bindung und die Entwicklung der Firma auf sozialer Ebene sind nur einige der Vorteile unseres motivierten Teams.<\/p>\n\t\t\t\t<\/div>\n                <!--End single offer service-->\n\t[\/vc_column_inner][vc_column_inner width=&#8220;1\/4&#8243;]\t            \t<!--Start single offer service-->\n\t\t\t\t<div id=\"why-choose-us\">\n\t\t\t\t\t<div class=\"img-wrap  fadeInDown\">\n\t\t\t\t\t\t<img src=\"https:\/\/rueckbau-konzept.de\/wp-content\/uploads\/2016\/04\/3-4.png\" alt=\"\">\n\t\t\t\t\t<\/div>\n\t\t\t\t\t<h4>Garantierte Zufriedenheit<\/h4>\n\t\t\t\t\t<p><strong>\u201eZufriedenheit unserer Kunden an erster Stelle.\u201c<\/strong> Durch Innovationskraft, Qualit\u00e4t, Flexibilit\u00e4t, Zuverl\u00e4ssigkeit und besten Service stellen wir einen verl\u00e4sslichen Dienstleistungen dar. Unser Ziel ist es, eine langfristige Beziehung zu unseren Kunden aufzubauen und diese zu erhalten. Das Vertrauen unserer Kunden erreichen wir durch Verl\u00e4sslichkeit, Ehrlichkeit und Geradlinigkeit .<\/p>\n\t\t\t\t<\/div>\n                <!--End single offer service-->\n\t[\/vc_column_inner][vc_column_inner width=&#8220;1\/4&#8243;]\t            \t<!--Start single offer service-->\n\t\t\t\t<div id=\"why-choose-us\">\n\t\t\t\t\t<div class=\"img-wrap  fadeInDown\">\n\t\t\t\t\t\t<img src=\"https:\/\/rueckbau-konzept.de\/wp-content\/uploads\/2016\/04\/4-3.png\" alt=\"\">\n\t\t\t\t\t<\/div>\n\t\t\t\t\t<h4>Kostenvoranschlag<\/h4>\n\t\t\t\t\t<p><strong>\u201eWir bieten <b>kostenloser Kostenvoranschlag<\/b>.\u201c<\/strong> Unser Kostenvoranschlag ist f\u00fcr Sie, wie die Besichtigung auch, immer kostenlos. Ihnen entstehen dadurch keinerlei Kosten. Auch m\u00fcssen Sie sich nicht sofort entscheiden, ob Sie uns beauftragen m\u00f6chten. Wir r\u00e4umen Ihnen einen gro\u00dfz\u00fcgigen Zeitraum ein, Ihre Entscheidung in Ruhe zu treffen. Daf\u00fcr garantieren wir Ihnen, dass unser Angebot f\u00fcr diesen Zeitraum seine G\u00fcltigkeit beh\u00e4lt.<\/p>\n\t\t\t\t<\/div>\n                <!--End single offer service-->\n\t[\/vc_column_inner][\/vc_row_inner][\/vc_column][\/vc_row][vc_row css=&#8220;.vc_custom_1612264579254{padding-top: 30px !important;padding-bottom: 30px !important;background-color: #162343 !important;}&#8220;][vc_column]\t\n\t<section id=\"great-moving-team-mover\">\n\t\t<div class=\"container\">\n\t\t\t<div class=\"row\">\n\t\t\t\t<div class=\"col-lg-6\">\n\t\t\t\t\t<h2 style=\"color: #ffb800;\">R\u00fcckbau Konzept GmbH<\/h2>\n\t\t\t\t\t<p class=\"emergency24hour\" style=\"color: #ffffff;\"><span class=\"VIiyi\" lang=\"de\"><span class=\"JLqJ4b ChMk0b\" data-language-for-alternatives=\"de\" data-language-to-translate-into=\"en\" data-phrase-index=\"0\">Wenn Sie uns brauchen, rufen Sie einfach an oder schreiben Sie uns eine Email.<\/span><\/span><\/p>\n\t\t\t\t\t<p class=\"has-btn\" style=\"color: #ffb800;\">0201-61203243 oder <a href=\"#\" class=\"hvr-bounce-to-right\">Kontakt<\/a><\/p>\n\t\t\t\t<\/div>\n\t\t\t<\/div>\n\t\t<\/div>\n\t<\/section>\n\n\t[\/vc_column][\/vc_row]<\/p>\n","protected":false},"excerpt":{"rendered":"<p>[vc_row css=&#8220;.vc_custom_1612260358547{margin-top: 50px !important;margin-bottom: 50px !important;}&#8220;][vc_column width=&#8220;1\/4&#8243;][vc_widget_sidebar sidebar_id=&#8220;sidebar-1&#8243;][\/vc_column][vc_column width=&#8220;3\/4&#8243; css=&#8220;.vc_custom_1612260606991{padding-top: 20px !important;padding-bottom: 20px !important;background-color: #f4f4f4 !important;}&#8220;][vc_column_text]Schadstofferkennung und Sanierung Bei \u00e4lteren Bauwerken sollte daher immer gepr\u00fcft werden, ob diese mit Schadstoffen belastet sind. Denn werden eventuell vorhandene Schadstoffe nicht entfernt, k\u00f6nnen die gesundheitlichen Folgen fatal sein. &nbsp; Als Experten auf dem Gebiet der Schadstofferkennung und der [&hellip;]<\/p>\n","protected":false},"author":1,"featured_media":0,"parent":0,"menu_order":0,"comment_status":"closed","ping_status":"closed","template":"page-templates\/template-fullwidth.php","meta":{"ngg_post_thumbnail":0},"_links":{"self":[{"href":"https:\/\/rueckbau-konzept.de\/index.php?rest_route=\/wp\/v2\/pages\/1841"}],"collection":[{"href":"https:\/\/rueckbau-konzept.de\/index.php?rest_route=\/wp\/v2\/pages"}],"about":[{"href":"https:\/\/rueckbau-konzept.de\/index.php?rest_route=\/wp\/v2\/types\/page"}],"author":[{"embeddable":true,"href":"https:\/\/rueckbau-konzept.de\/index.php?rest_route=\/wp\/v2\/users\/1"}],"replies":[{"embeddable":true,"href":"https:\/\/rueckbau-konzept.de\/index.php?rest_route=%2Fwp%2Fv2%2Fcomments&post=1841"}],"version-history":[{"count":16,"href":"https:\/\/rueckbau-konzept.de\/index.php?rest_route=\/wp\/v2\/pages\/1841\/revisions"}],"predecessor-version":[{"id":2978,"href":"https:\/\/rueckbau-konzept.de\/index.php?rest_route=\/wp\/v2\/pages\/1841\/revisions\/2978"}],"wp:attachment":[{"href":"https:\/\/rueckbau-konzept.de\/index.php?rest_route=%2Fwp%2Fv2%2Fmedia&parent=1841"}],"curies":[{"name":"wp","href":"https:\/\/api.w.org\/{rel}","templated":true}]}}